{"id":115,"date":"2018-12-21T03:14:27","date_gmt":"2018-12-21T03:14:27","guid":{"rendered":"https:\/\/die-fahrschule-blitz.de\/?page_id=115"},"modified":"2025-07-25T09:54:34","modified_gmt":"2025-07-25T08:54:34","slug":"preise-erlangen","status":"publish","type":"page","link":"https:\/\/die-fahrschule-blitz.de\/start\/preise-erlangen\/","title":{"rendered":"Preise Erlangen"},"content":{"rendered":"\t\t<div data-elementor-type=\"wp-post\" data-elementor-id=\"115\" class=\"elementor elementor-115\">\n\t\t\t\t\t\t<div class=\"elementor-inner\">\n\t\t\t\t<div class=\"elementor-section-wrap\">\n\t\t\t\t\t\t\t\t\t<section class=\"elementor-section elementor-top-section elementor-element elementor-element-30776f67 elementor-section-boxed elementor-section-height-default elementor-section-height-default\" data-id=\"30776f67\" data-element_type=\"section\">\n\t\t\t\t\t\t<div class=\"elementor-container elementor-column-gap-default\">\n\t\t\t\t\t\t\t<div class=\"elementor-row\">\n\t\t\t\t\t<div class=\"elementor-column elementor-col-100 elementor-top-column elementor-element elementor-element-3cc7c81b\" data-id=\"3cc7c81b\" data-element_type=\"column\" data-settings=\"{&quot;background_background&quot;:&quot;none&quot;}\">\n\t\t\t<div class=\"elementor-column-wrap elementor-element-populated\">\n\t\t\t\t\t\t\t<div class=\"elementor-widget-wrap\">\n\t\t\t\t\t\t<div class=\"elementor-element elementor-element-3deb8783 elementor-widget elementor-widget-heading\" data-id=\"3deb8783\" data-element_type=\"widget\" data-widget_type=\"heading.default\">\n\t\t\t\t<div class=\"elementor-widget-container\">\n\t\t\t<h1 class=\"elementor-heading-title elementor-size-medium\">Preise Erlangen<\/h1>\t\t<\/div>\n\t\t\t\t<\/div>\n\t\t\t\t\t\t<\/div>\n\t\t\t\t\t<\/div>\n\t\t<\/div>\n\t\t\t\t\t\t\t\t<\/div>\n\t\t\t\t\t<\/div>\n\t\t<\/section>\n\t\t\t\t<section class=\"elementor-section elementor-top-section elementor-element elementor-element-ccca073 elementor-section-stretched elementor-section-boxed elementor-section-height-default elementor-section-height-default\" data-id=\"ccca073\" data-element_type=\"section\" data-settings=\"{&quot;stretch_section&quot;:&quot;section-stretched&quot;}\">\n\t\t\t\t\t\t<div class=\"elementor-container elementor-column-gap-default\">\n\t\t\t\t\t\t\t<div class=\"elementor-row\">\n\t\t\t\t\t<div class=\"elementor-column elementor-col-100 elementor-top-column elementor-element elementor-element-92e4ece\" data-id=\"92e4ece\" data-element_type=\"column\">\n\t\t\t<div class=\"elementor-column-wrap elementor-element-populated\">\n\t\t\t\t\t\t\t<div class=\"elementor-widget-wrap\">\n\t\t\t\t\t\t<div class=\"elementor-element elementor-element-64c09c2 elementor-tabs-view-horizontal elementor-widget elementor-widget-tabs\" data-id=\"64c09c2\" data-element_type=\"widget\" data-widget_type=\"tabs.default\">\n\t\t\t\t<div class=\"elementor-widget-container\">\n\t\t\t\t\t<div class=\"elementor-tabs\">\n\t\t\t<div class=\"elementor-tabs-wrapper\" role=\"tablist\" >\n\t\t\t\t\t\t\t\t\t<div id=\"elementor-tab-title-1051\" class=\"elementor-tab-title elementor-tab-desktop-title\" aria-selected=\"true\" data-tab=\"1\" role=\"tab\" tabindex=\"0\" aria-controls=\"elementor-tab-content-1051\" aria-expanded=\"false\"><a href=\"\">Auto (Klasse B)<\/a><\/div>\n\t\t\t\t\t\t\t\t\t<div id=\"elementor-tab-title-1052\" class=\"elementor-tab-title elementor-tab-desktop-title\" aria-selected=\"false\" data-tab=\"2\" role=\"tab\" tabindex=\"-1\" aria-controls=\"elementor-tab-content-1052\" aria-expanded=\"false\"><a href=\"\">Automatik (BA)<\/a><\/div>\n\t\t\t\t\t\t\t\t\t<div id=\"elementor-tab-title-1053\" class=\"elementor-tab-title elementor-tab-desktop-title\" aria-selected=\"false\" data-tab=\"3\" role=\"tab\" tabindex=\"-1\" aria-controls=\"elementor-tab-content-1053\" aria-expanded=\"false\"><a href=\"\">Anh\u00e4nger (Klasse BE)<\/a><\/div>\n\t\t\t\t\t\t\t\t\t<div id=\"elementor-tab-title-1054\" class=\"elementor-tab-title elementor-tab-desktop-title\" aria-selected=\"false\" data-tab=\"4\" role=\"tab\" tabindex=\"-1\" aria-controls=\"elementor-tab-content-1054\" aria-expanded=\"false\"><a href=\"\">Anh\u00e4nger (Klasse B96)<\/a><\/div>\n\t\t\t\t\t\t\t\t\t<div id=\"elementor-tab-title-1055\" class=\"elementor-tab-title elementor-tab-desktop-title\" aria-selected=\"false\" data-tab=\"5\" role=\"tab\" tabindex=\"-1\" aria-controls=\"elementor-tab-content-1055\" aria-expanded=\"false\"><a href=\"\">Motorrad (Klasse A)<\/a><\/div>\n\t\t\t\t\t\t\t\t\t<div id=\"elementor-tab-title-1056\" class=\"elementor-tab-title elementor-tab-desktop-title\" aria-selected=\"false\" data-tab=\"6\" role=\"tab\" tabindex=\"-1\" aria-controls=\"elementor-tab-content-1056\" aria-expanded=\"false\"><a href=\"\">Motorrad (Klasse B196)<\/a><\/div>\n\t\t\t\t\t\t\t\t\t<div id=\"elementor-tab-title-1057\" class=\"elementor-tab-title elementor-tab-desktop-title\" aria-selected=\"false\" data-tab=\"7\" role=\"tab\" tabindex=\"-1\" aria-controls=\"elementor-tab-content-1057\" aria-expanded=\"false\"><a href=\"\">Motorradf\u00fchrerschein mit 16 (Klasse A1)<\/a><\/div>\n\t\t\t\t\t\t\t\t\t<div id=\"elementor-tab-title-1058\" class=\"elementor-tab-title elementor-tab-desktop-title\" aria-selected=\"false\" data-tab=\"8\" role=\"tab\" tabindex=\"-1\" aria-controls=\"elementor-tab-content-1058\" aria-expanded=\"false\"><a href=\"\">Motorrad (Klasse A2)<\/a><\/div>\n\t\t\t\t\t\t\t\t\t<div id=\"elementor-tab-title-1059\" class=\"elementor-tab-title elementor-tab-desktop-title\" aria-selected=\"false\" data-tab=\"9\" role=\"tab\" tabindex=\"-1\" aria-controls=\"elementor-tab-content-1059\" aria-expanded=\"false\"><a href=\"\">Roller (Klasse AM)<\/a><\/div>\n\t\t\t\t\t\t\t\t\t<div id=\"elementor-tab-title-10510\" class=\"elementor-tab-title elementor-tab-desktop-title\" aria-selected=\"false\" data-tab=\"10\" role=\"tab\" tabindex=\"-1\" aria-controls=\"elementor-tab-content-10510\" aria-expanded=\"false\"><a href=\"\">Mofa<\/a><\/div>\n\t\t\t\t\t\t\t\t\t<div id=\"elementor-tab-title-10511\" class=\"elementor-tab-title elementor-tab-desktop-title\" aria-selected=\"false\" data-tab=\"11\" role=\"tab\" tabindex=\"-1\" aria-controls=\"elementor-tab-content-10511\" aria-expanded=\"false\"><a href=\"\">Angebote<\/a><\/div>\n\t\t\t\t\t\t\t<\/div>\n\t\t\t<div class=\"elementor-tabs-content-wrapper\" role=\"tablist\" aria-orientation=\"vertical\">\n\t\t\t\t\t\t\t\t\t<div class=\"elementor-tab-title elementor-tab-mobile-title\" aria-selected=\"true\" data-tab=\"1\" role=\"tab\" tabindex=\"0\" aria-controls=\"elementor-tab-content-1051\" aria-expanded=\"false\">Auto (Klasse B)<\/div>\n\t\t\t\t\t<div id=\"elementor-tab-content-1051\" class=\"elementor-tab-content elementor-clearfix\" data-tab=\"1\" role=\"tabpanel\" aria-labelledby=\"elementor-tab-title-1051\" tabindex=\"0\" hidden=\"false\"><p class=\"Normal\"><span class=\"C-1\"><strong>Grundbetrag<\/strong><span class=\"C-2\"> (f\u00fcr die allgemeinen Aufwendungen einschlie\u00dflich des theoretischen Unterrichts) <span style=\"float: right;\">490 Euro<\/span><br \/><\/span><\/span><\/p><p class=\"Normal\"><span class=\"C-2\">\u00a0<\/span><\/p><p class=\"Normal\"><span class=\"C-1\"><strong>Lehrmaterial<\/strong><span class=\"C-2\"> (App)<span style=\"float: right;\">30 Euro<\/span><\/span><\/span><\/p><p class=\"Normal\"><span class=\"C-1\"><strong>Lehrmaterial<\/strong> <span class=\"C-2\">(App + Buch)<span style=\"float: right;\">60 Euro<\/span><\/span><\/span><\/p><p class=\"Normal\"><span class=\"C-2\">\u00a0<\/span><\/p><p class=\"Normal\"><span class=\"C-1\"><strong>Vorstellung zur theoretischen Pr\u00fcfung<\/strong><span style=\"float: right;\">60 Euro<\/span><\/span><\/p><p class=\"Normal\"><strong><span class=\"C-1\">Vorstellung zur praktischen Pr\u00fcfung<\/span><\/strong><span style=\"float: right;\">245 Euro <\/span><\/p><p class=\"Normal\"><span class=\"C-2\">\u00a0<\/span><\/p><p class=\"Normal\"><span class=\"C-1\"><strong>Fahrstunde<\/strong><span class=\"C-2\"> (zu je 45 Minuten)<span style=\"float: right;\">73 Euro<\/span><\/span><\/span><\/p><p class=\"Normal\"><span class=\"C-1\"><strong>Besondere Ausbildungsfahrten<\/strong><span class=\"C-2\"> (zu je 45 Minuten)<\/span><\/span><\/p><p class=\"Normal\"><span class=\"C-2\">\u2022 auf Bundes-<wbr \/> oder Landstra\u00dfen (5 Pflichtstunden)<span style=\"float: right;\">83 Euro<\/span><\/span><\/p><p class=\"Normal\"><span class=\"C-2\">\u2022 auf Autobahnen (4 Pflichtstunden)<span style=\"float: right;\">83 Euro<\/span><\/span><\/p><p class=\"Normal\"><span class=\"C-2\">\u2022 bei D\u00e4mmerung und Dunkelheit (3 Pflichtstunden)<span style=\"float: right;\">83 Euro<\/span><\/span><\/p><\/div>\n\t\t\t\t\t\t\t\t\t<div class=\"elementor-tab-title elementor-tab-mobile-title\" aria-selected=\"false\" data-tab=\"2\" role=\"tab\" tabindex=\"-1\" aria-controls=\"elementor-tab-content-1052\" aria-expanded=\"false\">Automatik (BA)<\/div>\n\t\t\t\t\t<div id=\"elementor-tab-content-1052\" class=\"elementor-tab-content elementor-clearfix\" data-tab=\"2\" role=\"tabpanel\" aria-labelledby=\"elementor-tab-title-1052\" tabindex=\"0\" hidden=\"hidden\"><p><span><strong><span><strong>Grundbetrag <\/strong><\/span><\/strong><span>(f\u00fcr die allgemeinen Aufwendungen einschlie\u00dflich des theoretischen Unterrichts)<span style=\"float: right;\">490 Euro<\/span><\/span><\/span><\/p><p><span>\u00a0<\/span><\/p><p><span><strong>Lehrmaterial<\/strong><span> (App)<span style=\"float: right;\">30 Euro<\/span><\/span><\/span><\/p><p><span><strong>Lehrmaterial<\/strong> <span>(App + Buch)<span style=\"float: right;\">60 Euro<\/span><\/span><\/span><\/p><p><span>\u00a0<\/span><\/p><p><strong><span>Vorstellung zur theoretischen Pr\u00fcfung<\/span><\/strong><span style=\"float: right;\">60 Euro<\/span><\/p><p><strong><span>Vorstellung zur praktischen Pr\u00fcfung<\/span><\/strong><span style=\"float: right;\">245 Euro<\/span><\/p><p><span>\u00a0<\/span><\/p><p><span><strong>Fahrstunde<\/strong><span> (zu je 45 Minuten)<span style=\"float: right;\">73 Euro<\/span><\/span><\/span><\/p><p><span><strong>Besondere Ausbildungsfahrten<\/strong><span> (zu je 45 Minuten)<\/span><\/span><\/p><p><span>\u2022 auf Bundes-<wbr \/> oder Landstra\u00dfen (5 Pflichtstunden<span style=\"float: right;\">\u00a0 \u00a083 Euro<\/span><\/span><\/p><p><span>\u2022 auf Autobahnen (4 Pflichtstunden)<span style=\"float: right;\">83 Euro<\/span><\/span><\/p><p><span>\u2022 bei D\u00e4mmerung und Dunkelheit (3 Pflichtstunden)<span style=\"float: right;\">83 Euro<\/span><\/span><\/p><\/div>\n\t\t\t\t\t\t\t\t\t<div class=\"elementor-tab-title elementor-tab-mobile-title\" aria-selected=\"false\" data-tab=\"3\" role=\"tab\" tabindex=\"-1\" aria-controls=\"elementor-tab-content-1053\" aria-expanded=\"false\">Anh\u00e4nger (Klasse BE)<\/div>\n\t\t\t\t\t<div id=\"elementor-tab-content-1053\" class=\"elementor-tab-content elementor-clearfix\" data-tab=\"3\" role=\"tabpanel\" aria-labelledby=\"elementor-tab-title-1053\" tabindex=\"0\" hidden=\"hidden\"><p><span><strong><span><strong>Grundbetrag <\/strong><\/span><\/strong><span>(f\u00fcr die allgemeinen Aufwendungen, einschlie\u00dflich des theoretischen Unterrichts)<span style=\"float: right;\">200 Euro<\/span><\/span><\/span><\/p><p><span>\u00a0<\/span><\/p><p><strong><span>Vorstellung zur theoretischen Pr\u00fcfung<\/span><\/strong><span style=\"float: right;\">60 Euro <\/span><\/p><p><strong><span>Vorstellung zur praktischen Pr\u00fcfung<\/span><\/strong><span style=\"float: right;\">250 Euro <\/span><\/p><p><span>\u00a0<\/span><\/p><p><span><strong>Fahrstunde<\/strong><span> (zu je 45 Minuten)<span style=\"float: right;\">75 Euro<\/span><\/span><\/span><\/p><p><span><strong>Besondere Ausbildungsfahrten<\/strong><span> (zu je 45 Minuten)<\/span><\/span><\/p><p><span>\u2022 auf Bundes-<wbr \/> oder Landstra\u00dfen (3 Pflichtstunden)<span style=\"float: right;\">85 Euro<\/span><\/span><\/p><p><span>\u2022 auf Autobahnen (1 Pflichtstunde)<span style=\"float: right;\">80 Euro<\/span><\/span><\/p><p><span>\u2022 bei D\u00e4mmerung und Dunkelheit (1 Pflichtstunde)<span style=\"float: right;\">80 Euro<\/span><\/span><\/p><\/div>\n\t\t\t\t\t\t\t\t\t<div class=\"elementor-tab-title elementor-tab-mobile-title\" aria-selected=\"false\" data-tab=\"4\" role=\"tab\" tabindex=\"-1\" aria-controls=\"elementor-tab-content-1054\" aria-expanded=\"false\">Anh\u00e4nger (Klasse B96)<\/div>\n\t\t\t\t\t<div id=\"elementor-tab-content-1054\" class=\"elementor-tab-content elementor-clearfix\" data-tab=\"4\" role=\"tabpanel\" aria-labelledby=\"elementor-tab-title-1054\" tabindex=\"0\" hidden=\"hidden\"><p><span><strong><span><strong>Grundbetrag <\/strong><\/span><\/strong><span>(f\u00fcr die allgemeinen Aufwendungen einschlie\u00dflich des theoretischen Unterrichts)<span style=\"float: right;\">600 Euro<\/span><\/span><\/span><\/p>\n<p><span>&nbsp;<\/span><\/p>\n<p><span><strong>Unterweisung am Fahrzeug<\/strong><span> (zu je 45 Minuten)<span style=\"float: right;\">inklusive<\/span><\/span><\/span><\/p><\/div>\n\t\t\t\t\t\t\t\t\t<div class=\"elementor-tab-title elementor-tab-mobile-title\" aria-selected=\"false\" data-tab=\"5\" role=\"tab\" tabindex=\"-1\" aria-controls=\"elementor-tab-content-1055\" aria-expanded=\"false\">Motorrad (Klasse A)<\/div>\n\t\t\t\t\t<div id=\"elementor-tab-content-1055\" class=\"elementor-tab-content elementor-clearfix\" data-tab=\"5\" role=\"tabpanel\" aria-labelledby=\"elementor-tab-title-1055\" tabindex=\"0\" hidden=\"hidden\"><p><span><strong><span><strong>Grundbetrag <\/strong><\/span><\/strong><span>(f\u00fcr die allgemeinen Aufwendungen einschlie\u00dflich des theoretischen Unterrichts)<span style=\"float: right;\">500 Euro<\/span><\/span><\/span><\/p><p><span> <\/span><\/p><p><span><strong>\u00a0<\/strong><\/span><\/p><p><span><strong>Lehrmaterial<\/strong><span> (App)<span style=\"float: right;\">50 Euro<\/span><\/span><\/span><\/p><p><span><strong>Lehrmaterial<\/strong> <span>(App + Buch)<span style=\"float: right;\">75 Euro<\/span><\/span><\/span><\/p><p><span> <\/span><\/p><p><strong><span>\u00a0<\/span><\/strong><\/p><p><strong><span>Vorstellung zur theoretischen Pr\u00fcfung<\/span><\/strong><span style=\"float: right;\">60 Euro<\/span><\/p><p><strong><span>Vorstellung zur praktischen Pr\u00fcfung<\/span><\/strong><span style=\"float: right;\">250 Euro<\/span><\/p><p><span> <\/span><\/p><p><span><strong>\u00a0<\/strong><\/span><\/p><p><span><strong>Fahrstunde<\/strong><span> (zu je 45 Minuten)<span style=\"float: right;\">77 Euro<\/span><\/span><\/span><\/p><p><span><strong>Besondere Ausbildungsfahrten<\/strong><span> (zu je 45 Minuten)<\/span><\/span><\/p><p><span>\u2022 auf Bundes-<wbr \/> oder Landstra\u00dfen<span style=\"float: right;\">87 Euro<\/span><\/span><\/p><p><span>\u2022 auf Autobahnen<span style=\"float: right;\">87 Euro<\/span><\/span><\/p><p><span>\u2022 bei D\u00e4mmerung und Dunkelheit<span style=\"float: right;\">87 Euro<\/span><\/span><\/p><\/div>\n\t\t\t\t\t\t\t\t\t<div class=\"elementor-tab-title elementor-tab-mobile-title\" aria-selected=\"false\" data-tab=\"6\" role=\"tab\" tabindex=\"-1\" aria-controls=\"elementor-tab-content-1056\" aria-expanded=\"false\">Motorrad (Klasse B196)<\/div>\n\t\t\t\t\t<div id=\"elementor-tab-content-1056\" class=\"elementor-tab-content elementor-clearfix\" data-tab=\"6\" role=\"tabpanel\" aria-labelledby=\"elementor-tab-title-1056\" tabindex=\"0\" hidden=\"hidden\"><p><span><strong><span><strong>Grundbetrag <\/strong><\/span><\/strong><span>(f\u00fcr die allgemeinen Aufwendungen einschlie\u00dflich des theoretischen Unterrichts)<span style=\"float: right;\">250 Euro<\/span><\/span><\/span><\/p><p><span> <\/span><\/p><p><span><strong>\u00a0<\/strong><\/span><\/p><p><span><strong>Fahrstunde<\/strong><span> (zu je 45 Minuten)<span style=\"float: right;\">77 Euro<\/span><\/span><\/span><\/p><p><span><span><span style=\"float: right;\">87 Euro<br \/><\/span><\/span><\/span><\/p><p><span><span><span style=\"float: right;\">\u00a0<\/span><\/span><\/span><\/p><p><span><span><span style=\"float: right;\">\u00a0<\/span><\/span><\/span><\/p><p><span><span><span style=\"float: right;\">\u00a0<\/span><\/span><\/span><\/p><p><span><span><span style=\"float: right;\">\u00a0<\/span><\/span><\/span><\/p><p><span><span><span style=\"float: right;\">\u00a0<\/span><\/span><\/span><\/p><p><span><span><span style=\"float: right;\">\u00a0<\/span><\/span><\/span><\/p><p><span><span><span style=\"float: right;\">\u00a0<\/span><\/span><\/span><\/p><p><span><span><span style=\"float: right;\">\u00a0<\/span><\/span><\/span><\/p><p><span><span><span style=\"float: right;\">\u00a0<\/span><\/span><\/span><\/p><p><span><strong>Besondere Ausbildungsfahrten<\/strong><span> (zu je 45 Minuten)<br \/><\/span><\/span><\/p><p><span>\u2022 auf Bundes-<wbr \/> oder Landstra\u00dfen <br \/><\/span><\/p><p><span>\u2022 auf Autobahn<span style=\"float: right;\">87 Euro<\/span><\/span><\/p><p><span>\u2022 bei D\u00e4mmerung und Dunkelheit<\/span><\/p><\/div>\n\t\t\t\t\t\t\t\t\t<div class=\"elementor-tab-title elementor-tab-mobile-title\" aria-selected=\"false\" data-tab=\"7\" role=\"tab\" tabindex=\"-1\" aria-controls=\"elementor-tab-content-1057\" aria-expanded=\"false\">Motorradf\u00fchrerschein mit 16 (Klasse A1)<\/div>\n\t\t\t\t\t<div id=\"elementor-tab-content-1057\" class=\"elementor-tab-content elementor-clearfix\" data-tab=\"7\" role=\"tabpanel\" aria-labelledby=\"elementor-tab-title-1057\" tabindex=\"0\" hidden=\"hidden\"><p><span><strong><span><strong>Grundbetrag <\/strong><\/span><\/strong><span>(f\u00fcr die allgemeinen Aufwendungen einschlie\u00dflich des theoretischen Unterrichts)<span style=\"float: right;\">500 Euro<\/span><\/span><\/span><\/p><p><span> <\/span><\/p><p><span><strong>\u00a0<\/strong><\/span><\/p><p><span><strong>Lehrmaterial<\/strong><span> (App)<span style=\"float: right;\">50 Euro<\/span><\/span><\/span><\/p><p><span><strong>Lehrmaterial<\/strong> <span>(App + Buch)<span style=\"float: right;\">75 Euro<\/span><\/span><\/span><\/p><p><span> <\/span><\/p><p><strong><span>\u00a0<\/span><\/strong><\/p><p><strong><span>Vorstellung zur theoretischen Pr\u00fcfung<\/span><\/strong><span style=\"float: right;\">60 Euro<\/span><\/p><p><strong><span>Vorstellung zur praktischen Pr\u00fcfung<\/span><\/strong><span style=\"float: right;\">250 Euro<\/span><\/p><p><span> <\/span><\/p><p><span><strong>\u00a0<\/strong><\/span><\/p><p><span><strong>Fahrstunde<\/strong><span> (zu je 45 Minuten)<span style=\"float: right;\">77 Euro<\/span><\/span><\/span><\/p><p><span><strong>Besondere Ausbildungsfahrten<\/strong><span> (zu je 45 Minuten)<\/span><\/span><\/p><p><span>\u2022 auf Bundes-<wbr \/> oder Landstra\u00dfen<span style=\"float: right;\">87 Euro<\/span><\/span><\/p><p><span>\u2022 auf Autobahnen<span style=\"float: right;\">87 Euro<\/span><\/span><\/p><p><span>\u2022 bei D\u00e4mmerung und Dunkelheit<span style=\"float: right;\">87 Euro<\/span><\/span><\/p><\/div>\n\t\t\t\t\t\t\t\t\t<div class=\"elementor-tab-title elementor-tab-mobile-title\" aria-selected=\"false\" data-tab=\"8\" role=\"tab\" tabindex=\"-1\" aria-controls=\"elementor-tab-content-1058\" aria-expanded=\"false\">Motorrad (Klasse A2)<\/div>\n\t\t\t\t\t<div id=\"elementor-tab-content-1058\" class=\"elementor-tab-content elementor-clearfix\" data-tab=\"8\" role=\"tabpanel\" aria-labelledby=\"elementor-tab-title-1058\" tabindex=\"0\" hidden=\"hidden\"><p><span><strong>Grundbetrag <\/strong>(f\u00fcr die allgemeinen Aufwendungen, einschlie\u00dflich des theoretischen Unterrichts)<span style=\"float: right;\">500 Euro<\/span><\/span><\/p><p><span><strong>\u00a0<\/strong><\/span><\/p><p><span><strong>Lehrmaterial<\/strong> (App)<span style=\"float: right;\">50 Euro<\/span><\/span><\/p><p><span><strong>Lehrmaterial<\/strong> (App + Buch)<span style=\"float: right;\">75 Euro<\/span><\/span><\/p><p><strong><span>\u00a0<\/span><\/strong><\/p><p><strong><span>Vorstellung zur theoretischen Pr\u00fcfung<\/span><\/strong><span style=\"float: right;\">60 Euro<\/span><\/p><p><strong><span>Vorstellung zur praktischen Pr\u00fcfung<\/span><\/strong><span style=\"float: right;\">230 Euro<\/span><\/p><p><span><strong>\u00a0<\/strong><\/span><\/p><p><span><strong>Fahrstunde<\/strong> (zu je 45 Minuten)<span style=\"float: right;\">77 Euro<\/span><\/span><\/p><p><span><strong>Besondere Ausbildungsfahrten<\/strong> (zu je 45 Minuten)<\/span><\/p><p><span>\u2022 auf Bundes-<wbr \/> oder Landstra\u00dfen<span style=\"float: right;\">87 Euro<\/span><\/span><\/p><p><span>\u2022 auf Autobahnen<span style=\"float: right;\">87 Euro<\/span><\/span><\/p><p><span>\u2022 bei D\u00e4mmerung und Dunkelheit<span style=\"float: right;\">87 Euro<\/span><\/span><\/p><\/div>\n\t\t\t\t\t\t\t\t\t<div class=\"elementor-tab-title elementor-tab-mobile-title\" aria-selected=\"false\" data-tab=\"9\" role=\"tab\" tabindex=\"-1\" aria-controls=\"elementor-tab-content-1059\" aria-expanded=\"false\">Roller (Klasse AM)<\/div>\n\t\t\t\t\t<div id=\"elementor-tab-content-1059\" class=\"elementor-tab-content elementor-clearfix\" data-tab=\"9\" role=\"tabpanel\" aria-labelledby=\"elementor-tab-title-1059\" tabindex=\"0\" hidden=\"hidden\"><p><span><strong><span><strong>Grundbetrag <\/strong><\/span><\/strong><span>(f\u00fcr die allgemeinen Aufwendungen einschlie\u00dflich des theoretischen Unterrichts)<span style=\"float: right;\">500 Euro<\/span><\/span><\/span><\/p><p><span>\u00a0<\/span><\/p><p><span><strong>Lehrmaterial<\/strong><span> (App)<span style=\"float: right;\">50 Euro<\/span><\/span><\/span><\/p><p><span><strong>Lehrmaterial<\/strong> <span>(App + Buch)<span style=\"float: right;\">75 Euro<\/span><\/span><\/span><\/p><p><span>\u00a0<\/span><\/p><p><strong><span>Vorstellung zur theoretischen Pr\u00fcfung<\/span><\/strong><span style=\"float: right;\">60 Euro<\/span><\/p><p><strong><span>Vorstellung zur praktischen Pr\u00fcfung<\/span><\/strong><span style=\"float: right;\">250 Euro<\/span><\/p><p><span>\u00a0<\/span><\/p><p><span><strong>Fahrstunde<\/strong><span> (zu je 45 Minuten)<span style=\"float: right;\">77 Euro<\/span><\/span><\/span><\/p><\/div>\n\t\t\t\t\t\t\t\t\t<div class=\"elementor-tab-title elementor-tab-mobile-title\" aria-selected=\"false\" data-tab=\"10\" role=\"tab\" tabindex=\"-1\" aria-controls=\"elementor-tab-content-10510\" aria-expanded=\"false\">Mofa<\/div>\n\t\t\t\t\t<div id=\"elementor-tab-content-10510\" class=\"elementor-tab-content elementor-clearfix\" data-tab=\"10\" role=\"tabpanel\" aria-labelledby=\"elementor-tab-title-10510\" tabindex=\"0\" hidden=\"hidden\"><p><span><strong><span><strong>Grundbetrag <\/strong><\/span><\/strong><span>(f\u00fcr die allgemeinen Aufwendungen einschlie\u00dflich des theoretischen Unterrichts)<span style=\"float: right;\">270 Euro<\/span><\/span><\/span><\/p><\/div>\n\t\t\t\t\t\t\t\t\t<div class=\"elementor-tab-title elementor-tab-mobile-title\" aria-selected=\"false\" data-tab=\"11\" role=\"tab\" tabindex=\"-1\" aria-controls=\"elementor-tab-content-10511\" aria-expanded=\"false\">Angebote<\/div>\n\t\t\t\t\t<div id=\"elementor-tab-content-10511\" class=\"elementor-tab-content elementor-clearfix\" data-tab=\"11\" role=\"tabpanel\" aria-labelledby=\"elementor-tab-title-10511\" tabindex=\"0\" hidden=\"hidden\"><p><span><strong><span><strong>Grundbetrag <\/strong><\/span>bei Mehrfach-<wbr>Klassen A + B<\/strong> <span>(Motorrad + Auto)<span style=\"float: right;\">550 Euro<\/span><\/span><\/span><\/p>\n<p><span><strong><span><strong>Grundbetrag <\/strong><\/span>bei Mehrfach-<wbr>Klassen B + BE<\/strong><span> (Auto + Anh\u00e4nger)<span style=\"float: right;\">550 Euro<\/span><\/span><\/span><\/p>\n<p><span>&nbsp;<\/span><\/p>\n<p><span><strong>Aufbauseminar f\u00fcr Fahranf\u00e4nger<\/strong><span> (ASF)<span style=\"float: right;\">400 Euro<\/span><\/span><\/span><\/p><\/div>\n\t\t\t\t\t\t\t<\/div>\n\t\t<\/div>\n\t\t\t\t<\/div>\n\t\t\t\t<\/div>\n\t\t\t\t\t\t<\/div>\n\t\t\t\t\t<\/div>\n\t\t<\/div>\n\t\t\t\t\t\t\t\t<\/div>\n\t\t\t\t\t<\/div>\n\t\t<\/section>\n\t\t\t\t\t\t\t\t\t<\/div>\n\t\t\t<\/div>\n\t\t\t\t\t<\/div>\n\t\t","protected":false},"excerpt":{"rendered":"<p>Preise Erlangen Auto (Klasse B) Automatik (BA) Anh\u00e4nger (Klasse BE) Anh\u00e4nger (Klasse B96) Motorrad (Klasse A) Motorrad (Klasse B196) Motorradf\u00fchrerschein mit 16 (Klasse A1) Motorrad (Klasse A2) Roller (Klasse AM) Mofa Angebote Auto (Klasse B) Grundbetrag (f\u00fcr die allgemeinen Aufwendungen einschlie\u00dflich des theoretischen Unterrichts) 490 Euro \u00a0 Lehrmaterial (App)30 Euro [&hellip;]<\/p>\n","protected":false},"author":1,"featured_media":0,"parent":0,"menu_order":0,"comment_status":"closed","ping_status":"closed","template":"elementor_header_footer","meta":[],"_links":{"self":[{"href":"https:\/\/die-fahrschule-blitz.de\/start\/wp-json\/wp\/v2\/pages\/115"}],"collection":[{"href":"https:\/\/die-fahrschule-blitz.de\/start\/wp-json\/wp\/v2\/pages"}],"about":[{"href":"https:\/\/die-fahrschule-blitz.de\/start\/wp-json\/wp\/v2\/types\/page"}],"author":[{"embeddable":true,"href":"https:\/\/die-fahrschule-blitz.de\/start\/wp-json\/wp\/v2\/users\/1"}],"replies":[{"embeddable":true,"href":"https:\/\/die-fahrschule-blitz.de\/start\/wp-json\/wp\/v2\/comments?post=115"}],"version-history":[{"count":118,"href":"https:\/\/die-fahrschule-blitz.de\/start\/wp-json\/wp\/v2\/pages\/115\/revisions"}],"predecessor-version":[{"id":715,"href":"https:\/\/die-fahrschule-blitz.de\/start\/wp-json\/wp\/v2\/pages\/115\/revisions\/715"}],"wp:attachment":[{"href":"https:\/\/die-fahrschule-blitz.de\/start\/wp-json\/wp\/v2\/media?parent=115"}],"curies":[{"name":"wp","href":"https:\/\/api.w.org\/{rel}","templated":true}]}}