{"id":171,"date":"2018-12-21T13:45:01","date_gmt":"2018-12-21T13:45:01","guid":{"rendered":"https:\/\/die-fahrschule-blitz.de\/?page_id=171"},"modified":"2018-12-21T13:53:57","modified_gmt":"2018-12-21T13:53:57","slug":"motorradfuehrerschein","status":"publish","type":"page","link":"https:\/\/die-fahrschule-blitz.de\/start\/motorradfuehrerschein\/","title":{"rendered":"Motorradf\u00fchrerschein"},"content":{"rendered":"\t\t<div data-elementor-type=\"wp-post\" data-elementor-id=\"171\" class=\"elementor elementor-171 elementor-bc-flex-widget\">\n\t\t\t\t\t\t<div class=\"elementor-inner\">\n\t\t\t\t<div class=\"elementor-section-wrap\">\n\t\t\t\t\t\t\t\t\t<section class=\"elementor-section elementor-top-section elementor-element elementor-element-6bb21cc8 elementor-section-content-middle elementor-section-boxed elementor-section-height-default elementor-section-height-default\" data-id=\"6bb21cc8\" data-element_type=\"section\" data-settings=\"{&quot;background_background&quot;:&quot;classic&quot;}\">\n\t\t\t\t\t\t<div class=\"elementor-container elementor-column-gap-no\">\n\t\t\t\t\t\t\t<div class=\"elementor-row\">\n\t\t\t\t\t<div class=\"elementor-column elementor-col-100 elementor-top-column elementor-element elementor-element-517ae9a\" data-id=\"517ae9a\" data-element_type=\"column\">\n\t\t\t<div class=\"elementor-column-wrap elementor-element-populated\">\n\t\t\t\t\t\t\t<div class=\"elementor-widget-wrap\">\n\t\t\t\t\t\t<div class=\"elementor-element elementor-element-6aaf5b4b elementor-widget elementor-widget-heading\" data-id=\"6aaf5b4b\" data-element_type=\"widget\" data-widget_type=\"heading.default\">\n\t\t\t\t<div class=\"elementor-widget-container\">\n\t\t\t<h4 class=\"elementor-heading-title elementor-size-default\">Motorradf\u00fchrerschein<\/h4>\t\t<\/div>\n\t\t\t\t<\/div>\n\t\t\t\t<section class=\"elementor-section elementor-inner-section elementor-element elementor-element-2e9059a6 elementor-section-content-middle elementor-section-boxed elementor-section-height-default elementor-section-height-default\" data-id=\"2e9059a6\" data-element_type=\"section\">\n\t\t\t\t\t\t<div class=\"elementor-container elementor-column-gap-no\">\n\t\t\t\t\t\t\t<div class=\"elementor-row\">\n\t\t\t\t\t<div class=\"elementor-column elementor-col-100 elementor-inner-column elementor-element elementor-element-4685de04\" data-id=\"4685de04\" data-element_type=\"column\">\n\t\t\t<div class=\"elementor-column-wrap elementor-element-populated\">\n\t\t\t\t\t\t\t<div class=\"elementor-widget-wrap\">\n\t\t\t\t\t\t<div class=\"elementor-element elementor-element-58b4d32b elementor-widget elementor-widget-heading\" data-id=\"58b4d32b\" data-element_type=\"widget\" data-widget_type=\"heading.default\">\n\t\t\t\t<div class=\"elementor-widget-container\">\n\t\t\t<h3 class=\"elementor-heading-title elementor-size-default\">Motorrad (klasse A)<\/h3>\t\t<\/div>\n\t\t\t\t<\/div>\n\t\t\t\t<div class=\"elementor-element elementor-element-3f90cfcd elementor-widget elementor-widget-text-editor\" data-id=\"3f90cfcd\" data-element_type=\"widget\" data-widget_type=\"text-editor.default\">\n\t\t\t\t<div class=\"elementor-widget-container\">\n\t\t\t\t\t\t\t\t<div class=\"elementor-text-editor elementor-clearfix\">\n\t\t\t\t<div id=\"txt_2\"><p class=\"Normal-P\" style=\"text-align: left;\"><span class=\"Normal-C\"><strong>Fahrzeugart:<\/strong> Schwere Kraftr\u00e4der<\/span><\/p><p class=\"Normal-P\" style=\"text-align: left;\"><span class=\"Normal-C0\">Zweir\u00e4der auch mit Beiwagen mit einem Hubraum von mehr als 50 cm\u00b3 und einer bauartbedingten H\u00f6chstgeschwindigkeit von mehr als 45 km\/h und dreir\u00e4dige Kraftfahrzeuge mit einer Motorleistung von mehr als 15 kW.<\/span><\/p><p class=\"Normal-P\" style=\"text-align: left;\"><span class=\"Normal-C\">\u00a0<\/span><\/p><p class=\"Normal-P\" style=\"text-align: left;\"><strong><span class=\"Normal-C\">Mindestalter:<\/span><\/strong><span class=\"Normal-C0\"> <br \/><\/span><span class=\"Normal-C0\">24 Jahre<br \/><\/span><span class=\"Normal-C0\">20 Jahre nach mindestens zweij\u00e4hrigem Vorbesitz der Klasse A2<br \/><\/span><span class=\"Normal-C0\">21 Jahre f\u00fcr dreir\u00e4drige Kraftfahrzeuge der Klasse A<\/span><\/p><p class=\"Normal-P\" style=\"text-align: left;\"><span class=\"Normal-C\">Vorbesitz einer anderen Klasse ist nicht erforderlich<\/span><\/p><p class=\"Normal-P\" style=\"text-align: left;\"><strong><span class=\"Normal-C\">Beinhaltet Klasse: <\/span><\/strong><span class=\"Normal-C0\">A2, A1, AM<\/span><\/p><p class=\"Normal-P\" style=\"text-align: left;\"><span class=\"Normal-C0\">\u00a0<\/span><\/p><p class=\"Normal-P\" style=\"text-align: left;\"><strong><span class=\"Normal-C\">Theoretische Ausbildung:<\/span><\/strong><\/p><p class=\"Normal-P\" style=\"text-align: left;\"><span class=\"Normal-C0\">Ohne Vorbesitz einer anderen Klasse: <\/span><\/p><p class=\"Normal-P\" style=\"text-align: left;\"><span class=\"Normal-C0\">12x Grundunterricht + 4x Klassenspezifischer Unterricht (Doppelstunden zu je 90 Min.)<\/span><\/p><p class=\"Normal-P\" style=\"text-align: left;\"><span class=\"Normal-C0\">Mit Vorbesitz einer anderen Klasse:*<\/span><\/p><p class=\"Normal-P\" style=\"text-align: left;\"><span class=\"Normal-C0\">6x Grundunterricht + 4x Klassenspezifischer Unterricht (Doppelstunden zu je 90 Min.)<\/span><\/p><p class=\"Normal-P\" style=\"text-align: left;\"><span class=\"Normal-C0\">* Kein Pflichtunterricht bei Vorbesitz der Klasse A2 von mindestens 2 Jahren<\/span><\/p><p class=\"Normal-P\" style=\"text-align: left;\"><span class=\"Normal-C0\">\u00a0<\/span><\/p><p class=\"Normal-P\" style=\"text-align: left;\"><strong><span class=\"Normal-C\">Praktische Ausbildung:<\/span><\/strong><\/p><p class=\"Normal-P\" style=\"text-align: left;\"><span class=\"Normal-C0\">Mindestumfang der Sonderfahrten ohne Vorbesitz einer anderen Klasse:<\/span><\/p><p class=\"Normal-P\" style=\"text-align: left;\"><span class=\"Normal-C0\">5x Schulung auf Bundes-<wbr \/> oder Landstra\u00dfen<\/span><\/p><p class=\"Normal-P\" style=\"text-align: left;\"><span class=\"Normal-C0\">4x Schulung auf Autobahnen oder autobahn\u00e4hnlichen Kraftfahrstra\u00dfen<\/span><\/p><p class=\"Normal-P\" style=\"text-align: left;\"><span class=\"Normal-C0\">3x Schulung bei D\u00e4mmerung oder Dunkelheit<\/span><\/p><p class=\"Normal-P\" style=\"text-align: left;\"><span class=\"Normal-C1\">\u00a0<\/span><\/p><p class=\"Normal-P\" style=\"text-align: left;\"><span class=\"Normal-C0\">Mindestumfang der Sonderfahrten mit Vorbesitz der Klasse A1 oder A2:*<\/span><\/p><p class=\"Normal-P\" style=\"text-align: left;\"><span class=\"Normal-C0\">3x Schulung auf Bundes-<wbr \/> oder Landstra\u00dfen<\/span><\/p><p class=\"Normal-P\" style=\"text-align: left;\"><span class=\"Normal-C0\">2x Schulung auf Autobahnen oder autobahn\u00e4hnlichen Kraftfahrstra\u00dfen<\/span><\/p><p class=\"Normal-P\" style=\"text-align: left;\"><span class=\"Normal-C0\">1x Schulung bei D\u00e4mmerung oder Dunkelheit<\/span><\/p><p class=\"Normal-P\" style=\"text-align: left;\"><span class=\"Normal-C0\">* Kein Pflichtunterricht bei Vorbesitz der Klasse A2 von mindestens 2 Jahren<\/span><\/p><\/div>\t\t\t\t\t<\/div>\n\t\t\t\t\t\t<\/div>\n\t\t\t\t<\/div>\n\t\t\t\t\t\t<\/div>\n\t\t\t\t\t<\/div>\n\t\t<\/div>\n\t\t\t\t\t\t\t\t<\/div>\n\t\t\t\t\t<\/div>\n\t\t<\/section>\n\t\t\t\t<section class=\"elementor-section elementor-inner-section elementor-element elementor-element-40edbb92 elementor-section-content-middle elementor-section-boxed elementor-section-height-default elementor-section-height-default\" data-id=\"40edbb92\" data-element_type=\"section\">\n\t\t\t\t\t\t<div class=\"elementor-container elementor-column-gap-no\">\n\t\t\t\t\t\t\t<div class=\"elementor-row\">\n\t\t\t\t\t<div class=\"elementor-column elementor-col-100 elementor-inner-column elementor-element elementor-element-51c7971f\" data-id=\"51c7971f\" data-element_type=\"column\">\n\t\t\t<div class=\"elementor-column-wrap elementor-element-populated\">\n\t\t\t\t\t\t\t<div class=\"elementor-widget-wrap\">\n\t\t\t\t\t\t<div class=\"elementor-element elementor-element-72026204 elementor-widget elementor-widget-heading\" data-id=\"72026204\" data-element_type=\"widget\" data-widget_type=\"heading.default\">\n\t\t\t\t<div class=\"elementor-widget-container\">\n\t\t\t<h3 class=\"elementor-heading-title elementor-size-default\">A1<\/h3>\t\t<\/div>\n\t\t\t\t<\/div>\n\t\t\t\t<div class=\"elementor-element elementor-element-718a9614 elementor-widget elementor-widget-text-editor\" data-id=\"718a9614\" data-element_type=\"widget\" data-widget_type=\"text-editor.default\">\n\t\t\t\t<div class=\"elementor-widget-container\">\n\t\t\t\t\t\t\t\t<div class=\"elementor-text-editor elementor-clearfix\">\n\t\t\t\t<div id=\"txt_3\"><p class=\"Normal-P\"><span class=\"Normal-C\"><strong>Fahrzeugart:<\/strong> Leichtkraftr\u00e4der<\/span><\/p><p class=\"Normal-P\"><span class=\"Normal-C0\">Kraftr\u00e4der der Klasse A (Leichtkraftr\u00e4der) mit einem Hubraum von nicht mehr als 125 cm\u00b3 Hubraum und einer Nennleistung von nicht mehr als 11 kW. Verh\u00e4ltnis Leistung zu Leermasse: maximal 0,1 kW\/kg.<\/span><\/p><p class=\"Normal-P\"><span class=\"Normal-C0\">\u00a0<\/span><\/p><p class=\"Normal-P\"><strong><span class=\"Normal-C\">Altersstufung:<\/span><\/strong><\/p><p class=\"Normal-P\"><span class=\"Normal-C0\">Die Klasse A1 wird vor Vollendung des 18. Lebensjahres nur f\u00fcr Leichtkraftr\u00e4der mit einer bauartbedingten H\u00f6chstgeschwindigkeit von nicht mehr als 80 km\/h erteilt.<\/span><\/p><p class=\"Normal-P\"><span class=\"Normal-C\">\u00a0<\/span><\/p><p class=\"Normal-P\"><strong><span class=\"Normal-C\">Mindestalter:<\/span><\/strong><span class=\"Normal-C0\"> 16<\/span><\/p><p class=\"Normal-P\"><span class=\"Normal-C\"><strong>Vorbesitz erforderlich:<\/strong> <\/span><span class=\"Normal-C0\">Nein<\/span><\/p><p class=\"Normal-P\"><strong><span class=\"Normal-C\">Beinhaltet Klasse: <\/span><\/strong><span class=\"Normal-C0\">AM<\/span><\/p><p class=\"Normal-P\"><span class=\"Normal-C0\">\u00a0<\/span><\/p><p class=\"Normal-P\"><strong><span class=\"Normal-C\">Theoretische Ausbildung:<\/span><\/strong><\/p><p class=\"Normal-P\"><span class=\"Normal-C0\">Ohne Vorbesitz einer anderen Klasse: <\/span><\/p><p class=\"Normal-P\"><span class=\"Normal-C0\">12x Grundunterricht + 4x Klassenspezifischer Unterricht (Doppelstunden zu je 90 Min.)<\/span><\/p><p class=\"Normal-P\"><span class=\"Normal-C0\">Mit Vorbesitz einer anderen Klasse:<\/span><\/p><p class=\"Normal-P\"><span class=\"Normal-C0\">6x Grundunterricht + 4x Klassenspezifischer Unterricht (Doppelstunden zu je 90 Min.)<\/span><\/p><p class=\"Normal-P\"><span class=\"Normal-C0\">\u00a0<\/span><\/p><p class=\"Normal-P\"><strong><span class=\"Normal-C\">Praktische Ausbildung:<\/span><\/strong><\/p><p class=\"Normal-P\"><span class=\"Normal-C0\">Mindestumfang der Sonderfahrten:<\/span><\/p><p class=\"Normal-P\"><span class=\"Normal-C0\">5x Schulung auf Bundes-<wbr \/> oder Landstra\u00dfen<\/span><\/p><p class=\"Normal-P\"><span class=\"Normal-C0\">4x Schulung auf Autobahnen oder autobahn\u00e4hnlichen Kraftfahrstra\u00dfen<\/span><\/p><p class=\"Normal-P\"><span class=\"Normal-C0\">3x Schulung bei D\u00e4mmerung oder Dunkelheit<\/span><\/p><\/div>\t\t\t\t\t<\/div>\n\t\t\t\t\t\t<\/div>\n\t\t\t\t<\/div>\n\t\t\t\t\t\t<\/div>\n\t\t\t\t\t<\/div>\n\t\t<\/div>\n\t\t\t\t\t\t\t\t<\/div>\n\t\t\t\t\t<\/div>\n\t\t<\/section>\n\t\t\t\t<section class=\"elementor-section elementor-inner-section elementor-element elementor-element-2e934c93 elementor-section-content-middle elementor-section-boxed elementor-section-height-default elementor-section-height-default\" data-id=\"2e934c93\" data-element_type=\"section\">\n\t\t\t\t\t\t<div class=\"elementor-container elementor-column-gap-no\">\n\t\t\t\t\t\t\t<div class=\"elementor-row\">\n\t\t\t\t\t<div class=\"elementor-column elementor-col-100 elementor-inner-column elementor-element elementor-element-7c29719c\" data-id=\"7c29719c\" data-element_type=\"column\">\n\t\t\t<div class=\"elementor-column-wrap elementor-element-populated\">\n\t\t\t\t\t\t\t<div class=\"elementor-widget-wrap\">\n\t\t\t\t\t\t<div class=\"elementor-element elementor-element-5137c267 elementor-widget elementor-widget-heading\" data-id=\"5137c267\" data-element_type=\"widget\" data-widget_type=\"heading.default\">\n\t\t\t\t<div class=\"elementor-widget-container\">\n\t\t\t<h3 class=\"elementor-heading-title elementor-size-default\">Motorrad (Klasse A) beschr\u00e4nkt<\/h3>\t\t<\/div>\n\t\t\t\t<\/div>\n\t\t\t\t<div class=\"elementor-element elementor-element-1bf5707d elementor-widget elementor-widget-text-editor\" data-id=\"1bf5707d\" data-element_type=\"widget\" data-widget_type=\"text-editor.default\">\n\t\t\t\t<div class=\"elementor-widget-container\">\n\t\t\t\t\t\t\t\t<div class=\"elementor-text-editor elementor-clearfix\">\n\t\t\t\t<div id=\"txt_3\"><div id=\"txt_1\"><p class=\"Normal-P\"><span class=\"Normal-C\"><strong>Fahrzeugart:<\/strong> Mittelschwere Kraftr\u00e4der<\/span><\/p><p class=\"Normal-P\"><span class=\"Normal-C0\">Kraftr\u00e4der (Zweir\u00e4der, auch mit Beiwagen) mit einem Hubraum von mehr als 50 cm\u00b3 Hubraum und einer bauartbedingten H\u00f6chstgeschwindigkeit von mehr als 45 km\/h.<\/span><\/p><p class=\"Normal-P\"><span class=\"Normal-C0\"><strong>Leistung:<\/strong> maximal 35 kW. Verh\u00e4ltnis Leistung zu Leermasse: maximal 0,2 kW\/kg.<\/span><\/p><p class=\"Normal-P\"><span class=\"Normal-C\">\u00a0<\/span><\/p><p class=\"Normal-P\"><strong><span class=\"Normal-C\">Mindestalter:<\/span><\/strong><span class=\"Normal-C0\"> 18<\/span><\/p><p class=\"Normal-P\"><strong><span class=\"Normal-C\">Vorbesitz erforderlich: <\/span><\/strong><span class=\"Normal-C0\">Nein<\/span><\/p><p class=\"Normal-P\"><strong><span class=\"Normal-C\">Beinhaltet Klasse: <\/span><\/strong><span class=\"Normal-C0\">A1, AM<\/span><\/p><p class=\"Normal-P\"><span class=\"Normal-C0\">\u00a0<\/span><\/p><p class=\"Normal-P\"><strong><span class=\"Normal-C\">Theoretische Ausbildung:<\/span><\/strong><\/p><p class=\"Normal-P\"><span class=\"Normal-C0\">Ohne Vorbesitz einer anderen Klasse: <\/span><\/p><p class=\"Normal-P\"><span class=\"Normal-C0\">12x Grundunterricht + 4x Klassenspezifischer Unterricht (Doppelstunden zu je 90 Min.)<\/span><\/p><p class=\"Normal-P\"><span class=\"Normal-C0\">Mit Vorbesitz einer anderen Klasse:<\/span><\/p><p class=\"Normal-P\"><span class=\"Normal-C0\">6x Grundunterricht + 4x Klassenspezifischer Unterricht (Doppelstunden zu je 90 Min.)<\/span><\/p><p class=\"Normal-P\"><span class=\"Normal-C0\">\u00a0<\/span><\/p><p class=\"Normal-P\"><strong><span class=\"Normal-C\">Praktische Ausbildung:<\/span><\/strong><\/p><p class=\"Normal-P\"><span class=\"Normal-C0\">Mindestumfang der Sonderfahrten ohne Vorbesitz einer anderen Klasse:<\/span><\/p><p class=\"Normal-P\"><span class=\"Normal-C0\">5x Schulung auf Bundes-<wbr \/> oder Landstra\u00dfen<\/span><\/p><p class=\"Normal-P\"><span class=\"Normal-C0\">4x Schulung auf Autobahnen oder autobahn\u00e4hnlichen Kraftfahrstra\u00dfen<\/span><\/p><p class=\"Normal-P\"><span class=\"Normal-C0\">3x Schulung bei D\u00e4mmerung oder Dunkelheit<\/span><\/p><p class=\"Normal-P\"><span class=\"Normal-C1\">\u00a0<\/span><\/p><p class=\"Normal-P\"><span class=\"Normal-C0\">Mindestumfang der Sonderfahrten mit Vorbesitz der Klasse A1:<\/span><\/p><p class=\"Normal-P\"><span class=\"Normal-C0\">3x Schulung auf Bundes-<wbr \/> oder Landstra\u00dfen<\/span><\/p><p class=\"Normal-P\"><span class=\"Normal-C0\">2x Schulung auf Autobahnen oder autobahn\u00e4hnlichen Kraftfahrstra\u00dfen<\/span><\/p><p class=\"Normal-P\"><span class=\"Normal-C0\">1x Schulung bei D\u00e4mmerung oder Dunkelheit<\/span><\/p><p class=\"Normal-P\"><span class=\"Normal-C1\">\u00a0<\/span><\/p><p class=\"Normal-P\"><strong><span class=\"Normal-C\">Informiere Dich in der Fahrschule \u00fcber alle Vorteile, wenn Du Motorradf\u00fchrerschein zusammen mit Autof\u00fchrerschein machst.<\/span><\/strong><\/p><\/div><\/div>\t\t\t\t\t<\/div>\n\t\t\t\t\t\t<\/div>\n\t\t\t\t<\/div>\n\t\t\t\t\t\t<\/div>\n\t\t\t\t\t<\/div>\n\t\t<\/div>\n\t\t\t\t\t\t\t\t<\/div>\n\t\t\t\t\t<\/div>\n\t\t<\/section>\n\t\t\t\t<section class=\"elementor-section elementor-inner-section elementor-element elementor-element-688fc607 elementor-section-content-middle elementor-section-boxed elementor-section-height-default elementor-section-height-default\" data-id=\"688fc607\" data-element_type=\"section\">\n\t\t\t\t\t\t<div class=\"elementor-container elementor-column-gap-no\">\n\t\t\t\t\t\t\t<div class=\"elementor-row\">\n\t\t\t\t\t<div class=\"elementor-column elementor-col-100 elementor-inner-column elementor-element elementor-element-6b55bd6a\" data-id=\"6b55bd6a\" data-element_type=\"column\">\n\t\t\t<div class=\"elementor-column-wrap elementor-element-populated\">\n\t\t\t\t\t\t\t<div class=\"elementor-widget-wrap\">\n\t\t\t\t\t\t<div class=\"elementor-element elementor-element-5abff19e elementor-widget elementor-widget-heading\" data-id=\"5abff19e\" data-element_type=\"widget\" data-widget_type=\"heading.default\">\n\t\t\t\t<div class=\"elementor-widget-container\">\n\t\t\t<h3 class=\"elementor-heading-title elementor-size-default\">Roller (Klasse M)<\/h3>\t\t<\/div>\n\t\t\t\t<\/div>\n\t\t\t\t<div class=\"elementor-element elementor-element-37ec7a62 elementor-widget elementor-widget-text-editor\" data-id=\"37ec7a62\" data-element_type=\"widget\" data-widget_type=\"text-editor.default\">\n\t\t\t\t<div class=\"elementor-widget-container\">\n\t\t\t\t\t\t\t\t<div class=\"elementor-text-editor elementor-clearfix\">\n\t\t\t\t<div id=\"txt_5\"><p class=\"Normal-P\"><strong><span class=\"Normal-C0\">Zweir\u00e4drige Kleinkraftr\u00e4der und Fahrr\u00e4der mit Hilfsmotor (Mokick, Moped)<\/span><\/strong><\/p><p class=\"Normal-P\"><span class=\"Normal-C0\">a) Bei Elektrischer Antriebsmaschine mit einer bauartbedingten H\u00f6chstgeschwindigkeit von nicht mehr als 45 km\/h<\/span><\/p><p class=\"Normal-P\"><span class=\"Normal-C0\">b) Bei Verbrennungsmotor mit einem Hubraum von nicht mehr als 50 cm\u00b3 und einer bauartbedingten H\u00f6chstgeschwindigkeit von nicht mehr als 45 km\/h<\/span><\/p><p class=\"Normal-P\"><span class=\"Normal-C\">\u00a0<\/span><\/p><p class=\"Normal-P\"><strong><span class=\"Normal-C\">Mindestalter:<\/span><\/strong><span class=\"Normal-C0\"> 16<\/span><\/p><p class=\"Normal-P\"><strong><span class=\"Normal-C\">Vorbesitz erforderlich: <\/span><\/strong><span class=\"Normal-C0\">Nein<\/span><\/p><p class=\"Normal-P\"><strong><span class=\"Normal-C\">Beinhaltet Klasse: <\/span><\/strong><span class=\"Normal-C0\">keine<\/span><\/p><p class=\"Normal-P\"><span class=\"Normal-C0\">\u00a0<\/span><\/p><p class=\"Normal-P\"><strong><span class=\"Normal-C\">Theoretische Ausbildung:<\/span><\/strong><\/p><p class=\"Normal-P\"><span class=\"Normal-C0\">Ohne Vorbesitz einer anderen Klasse: <\/span><\/p><p class=\"Normal-P\"><span class=\"Normal-C0\">12x Grundunterricht + 2x Klassenspezifischer Unterricht (Doppelstunden zu je 90 Min.)<\/span><\/p><p class=\"Normal-P\"><span class=\"Normal-C0\">Mit Vorbesitz einer anderen Klasse:<\/span><\/p><p class=\"Normal-P\"><span class=\"Normal-C0\">6x Grundunterricht + 2x Klassenspezifischer Unterricht (Doppelstunden zu je 90 Min.)<\/span><\/p><p class=\"Normal-P\"><span class=\"Normal-C0\">\u00a0<\/span><\/p><p class=\"Normal-P\"><strong><span class=\"Normal-C\">Praktische Ausbildung:<\/span><\/strong><\/p><p class=\"Normal-P\"><span class=\"Normal-C0\">Grundausbildung &#8211;<wbr \/> keine Sonderfahrten<\/span><\/p><\/div>\t\t\t\t\t<\/div>\n\t\t\t\t\t\t<\/div>\n\t\t\t\t<\/div>\n\t\t\t\t\t\t<\/div>\n\t\t\t\t\t<\/div>\n\t\t<\/div>\n\t\t\t\t\t\t\t\t<\/div>\n\t\t\t\t\t<\/div>\n\t\t<\/section>\n\t\t\t\t\t\t<\/div>\n\t\t\t\t\t<\/div>\n\t\t<\/div>\n\t\t\t\t\t\t\t\t<\/div>\n\t\t\t\t\t<\/div>\n\t\t<\/section>\n\t\t\t\t\t\t\t\t\t<\/div>\n\t\t\t<\/div>\n\t\t\t\t\t<\/div>\n\t\t","protected":false},"excerpt":{"rendered":"<p>Motorradf\u00fchrerschein Motorrad (klasse A) Fahrzeugart: Schwere Kraftr\u00e4der Zweir\u00e4der auch mit Beiwagen mit einem Hubraum von mehr als 50 cm\u00b3 und einer bauartbedingten H\u00f6chstgeschwindigkeit von mehr als 45 km\/h und dreir\u00e4dige Kraftfahrzeuge mit einer Motorleistung von mehr als 15 kW. \u00a0 Mindestalter: 24 Jahre20 Jahre nach mindestens zweij\u00e4hrigem Vorbesitz der Klasse [&hellip;]<\/p>\n","protected":false},"author":1,"featured_media":0,"parent":0,"menu_order":0,"comment_status":"closed","ping_status":"closed","template":"elementor_header_footer","meta":[],"_links":{"self":[{"href":"https:\/\/die-fahrschule-blitz.de\/start\/wp-json\/wp\/v2\/pages\/171"}],"collection":[{"href":"https:\/\/die-fahrschule-blitz.de\/start\/wp-json\/wp\/v2\/pages"}],"about":[{"href":"https:\/\/die-fahrschule-blitz.de\/start\/wp-json\/wp\/v2\/types\/page"}],"author":[{"embeddable":true,"href":"https:\/\/die-fahrschule-blitz.de\/start\/wp-json\/wp\/v2\/users\/1"}],"replies":[{"embeddable":true,"href":"https:\/\/die-fahrschule-blitz.de\/start\/wp-json\/wp\/v2\/comments?post=171"}],"version-history":[{"count":2,"href":"https:\/\/die-fahrschule-blitz.de\/start\/wp-json\/wp\/v2\/pages\/171\/revisions"}],"predecessor-version":[{"id":173,"href":"https:\/\/die-fahrschule-blitz.de\/start\/wp-json\/wp\/v2\/pages\/171\/revisions\/173"}],"wp:attachment":[{"href":"https:\/\/die-fahrschule-blitz.de\/start\/wp-json\/wp\/v2\/media?parent=171"}],"curies":[{"name":"wp","href":"https:\/\/api.w.org\/{rel}","templated":true}]}}