{"id":178,"date":"2018-12-21T13:58:30","date_gmt":"2018-12-21T13:58:30","guid":{"rendered":"https:\/\/die-fahrschule-blitz.de\/?page_id=178"},"modified":"2018-12-21T14:03:09","modified_gmt":"2018-12-21T14:03:09","slug":"weitere-klassen","status":"publish","type":"page","link":"https:\/\/die-fahrschule-blitz.de\/start\/weitere-klassen\/","title":{"rendered":"Weitere Klassen"},"content":{"rendered":"\t\t<div data-elementor-type=\"wp-post\" data-elementor-id=\"178\" class=\"elementor elementor-178 elementor-bc-flex-widget\">\n\t\t\t\t\t\t<div class=\"elementor-inner\">\n\t\t\t\t<div class=\"elementor-section-wrap\">\n\t\t\t\t\t\t\t\t\t<section class=\"elementor-section elementor-top-section elementor-element elementor-element-745b198f elementor-section-content-middle elementor-section-boxed elementor-section-height-default elementor-section-height-default\" data-id=\"745b198f\" data-element_type=\"section\" data-settings=\"{&quot;background_background&quot;:&quot;classic&quot;}\">\n\t\t\t\t\t\t<div class=\"elementor-container elementor-column-gap-no\">\n\t\t\t\t\t\t\t<div class=\"elementor-row\">\n\t\t\t\t\t<div class=\"elementor-column elementor-col-100 elementor-top-column elementor-element elementor-element-26f479c\" data-id=\"26f479c\" data-element_type=\"column\">\n\t\t\t<div class=\"elementor-column-wrap elementor-element-populated\">\n\t\t\t\t\t\t\t<div class=\"elementor-widget-wrap\">\n\t\t\t\t\t\t<div class=\"elementor-element elementor-element-1881a73a elementor-widget elementor-widget-heading\" data-id=\"1881a73a\" data-element_type=\"widget\" data-widget_type=\"heading.default\">\n\t\t\t\t<div class=\"elementor-widget-container\">\n\t\t\t<h4 class=\"elementor-heading-title elementor-size-default\">Weitere Klassen (Mofa, Klasse L)<\/h4>\t\t<\/div>\n\t\t\t\t<\/div>\n\t\t\t\t<section class=\"elementor-section elementor-inner-section elementor-element elementor-element-45b54b27 elementor-section-content-middle elementor-section-boxed elementor-section-height-default elementor-section-height-default\" data-id=\"45b54b27\" data-element_type=\"section\">\n\t\t\t\t\t\t<div class=\"elementor-container elementor-column-gap-no\">\n\t\t\t\t\t\t\t<div class=\"elementor-row\">\n\t\t\t\t\t<div class=\"elementor-column elementor-col-100 elementor-inner-column elementor-element elementor-element-2ca3bca7\" data-id=\"2ca3bca7\" data-element_type=\"column\">\n\t\t\t<div class=\"elementor-column-wrap elementor-element-populated\">\n\t\t\t\t\t\t\t<div class=\"elementor-widget-wrap\">\n\t\t\t\t\t\t<div class=\"elementor-element elementor-element-2ee1b36d elementor-widget elementor-widget-heading\" data-id=\"2ee1b36d\" data-element_type=\"widget\" data-widget_type=\"heading.default\">\n\t\t\t\t<div class=\"elementor-widget-container\">\n\t\t\t<h3 class=\"elementor-heading-title elementor-size-default\">MOFA<\/h3>\t\t<\/div>\n\t\t\t\t<\/div>\n\t\t\t\t<div class=\"elementor-element elementor-element-58f59896 elementor-widget elementor-widget-text-editor\" data-id=\"58f59896\" data-element_type=\"widget\" data-widget_type=\"text-editor.default\">\n\t\t\t\t<div class=\"elementor-widget-container\">\n\t\t\t\t\t\t\t\t<div class=\"elementor-text-editor elementor-clearfix\">\n\t\t\t\t<div id=\"txt_1\"><div id=\"txt_1\"><p class=\"Normal-P\" style=\"text-align: left;\"><span class=\"Normal-C0\">Einspurige, einsitzige Fahrr\u00e4der mit Hilfsmotor (auch ohne Tretkurbeln), wenn ihre Bauart Gew\u00e4hr daf\u00fcr bietet, dass die H\u00f6chstgeschwindigkeit auf ebener Bahn nicht mehr als 25 km\/h betr\u00e4gt; besondere Sitze f\u00fcr die Mitnahme von Kindern unter sieben Jahren d\u00fcrfen angebracht sein.<\/span><\/p><p class=\"Normal-P\" style=\"text-align: left;\"><\/p><p class=\"Normal-P\" style=\"text-align: left;\"><strong><span class=\"Normal-C1\">Mindestalter:<\/span><\/strong><span class=\"Normal-C0\"> 15<\/span><\/p><p class=\"Normal-P\" style=\"text-align: left;\"><span class=\"Normal-C1\"><strong>Vorbesitz erforderlich:<\/strong> <\/span><span class=\"Normal-C0\">Nein<\/span><\/p><p class=\"Normal-P\" style=\"text-align: left;\"><strong><span class=\"Normal-C1\">Die Mofa-<wbr \/>Pr\u00fcfbescheinigung ist keine Fahrerlaubnis im Sinne des klassifizierten Fahrerlaubnisrechts.<\/span><\/strong><\/p><p class=\"Normal-P\" style=\"text-align: left;\"><span class=\"Normal-C0\">\u00a0<\/span><\/p><p class=\"Normal-P\" style=\"text-align: left;\"><strong><span class=\"Normal-C1\">Theoretische Ausbildung:<\/span><\/strong><\/p><p class=\"Normal-P\" style=\"text-align: left;\"><span class=\"Normal-C0\">6x Grundunterricht (Doppelstunden zu je 90 Min.)<\/span><\/p><p class=\"Normal-P\" style=\"text-align: left;\"><span class=\"Normal-C0\">\u00a0<\/span><\/p><p class=\"Normal-P\" style=\"text-align: left;\"><strong><span class=\"Normal-C1\">Praktische Ausbildung:<\/span><\/strong><\/p><p class=\"Normal-P\" style=\"text-align: left;\"><span class=\"Normal-C0\">Bei Einzelausbildung mindestens 90 Minuten<\/span><\/p><p class=\"Normal-P\" style=\"text-align: left;\"><span class=\"Normal-C0\">Bei Gruppenausbildung mindestens 180 Minuten pro Gruppe<\/span><\/p><\/div><\/div>\t\t\t\t\t<\/div>\n\t\t\t\t\t\t<\/div>\n\t\t\t\t<\/div>\n\t\t\t\t\t\t<\/div>\n\t\t\t\t\t<\/div>\n\t\t<\/div>\n\t\t\t\t\t\t\t\t<\/div>\n\t\t\t\t\t<\/div>\n\t\t<\/section>\n\t\t\t\t<section class=\"elementor-section elementor-inner-section elementor-element elementor-element-4e5259f9 elementor-section-content-middle elementor-section-boxed elementor-section-height-default elementor-section-height-default\" data-id=\"4e5259f9\" data-element_type=\"section\">\n\t\t\t\t\t\t<div class=\"elementor-container elementor-column-gap-no\">\n\t\t\t\t\t\t\t<div class=\"elementor-row\">\n\t\t\t\t\t<div class=\"elementor-column elementor-col-100 elementor-inner-column elementor-element elementor-element-a513147\" data-id=\"a513147\" data-element_type=\"column\">\n\t\t\t<div class=\"elementor-column-wrap elementor-element-populated\">\n\t\t\t\t\t\t\t<div class=\"elementor-widget-wrap\">\n\t\t\t\t\t\t<div class=\"elementor-element elementor-element-6b26823 elementor-widget elementor-widget-heading\" data-id=\"6b26823\" data-element_type=\"widget\" data-widget_type=\"heading.default\">\n\t\t\t\t<div class=\"elementor-widget-container\">\n\t\t\t<h3 class=\"elementor-heading-title elementor-size-default\">Klasse L<\/h3>\t\t<\/div>\n\t\t\t\t<\/div>\n\t\t\t\t<div class=\"elementor-element elementor-element-211ca779 elementor-widget elementor-widget-text-editor\" data-id=\"211ca779\" data-element_type=\"widget\" data-widget_type=\"text-editor.default\">\n\t\t\t\t<div class=\"elementor-widget-container\">\n\t\t\t\t\t\t\t\t<div class=\"elementor-text-editor elementor-clearfix\">\n\t\t\t\t<div id=\"txt_2\"><p class=\"Normal-P\"><span class=\"Normal-C0\">Landwirtschaftliche Zugmaschinen, selbstfahrende Arbeitsmaschinen und Flurf\u00f6rderzeuge<\/span><\/p><p class=\"Normal-P\"><span class=\"Normal-C0\">A) Zugmaschinen mit einer bbH bis max. 32 km\/h, sofern sie nach ihrer Bauart f\u00fcr die Verwendung f\u00fcr land-<wbr \/> oder forstwirtschaftliche Zwecke bestimmt sind und f\u00fcr solche Zwecke eingesetzt werden, mit Anh\u00e4nger bis zu einer bbH von max. 25 km\/h.<\/span><\/p><p class=\"Normal-P\"><span class=\"Normal-C0\">B) Selbstfahrende Arbeitsmaschinen und Flurf\u00f6rderzeuge (Gabelstapler) mit einer bbH bis max. 25 km\/h, auch mit Anh\u00e4nger.<\/span><\/p><p class=\"Normal-P\"><span class=\"Normal-C1\">\u00a0<\/span><\/p><p class=\"Normal-P\"><strong><span class=\"Normal-C1\">Mindestalter:<\/span><\/strong><span class=\"Normal-C0\"> 16<\/span><\/p><p class=\"Normal-P\"><strong><span class=\"Normal-C1\">Vorbesitz erforderlich: <\/span><\/strong><span class=\"Normal-C0\">Nein<\/span><\/p><p class=\"Normal-P\"><strong><span class=\"Normal-C1\">Beinhaltet Klasse: <\/span><\/strong><span class=\"Normal-C0\">keine<\/span><\/p><p class=\"Normal-P\"><span class=\"Normal-C0\">\u00a0<\/span><\/p><p class=\"Normal-P\"><strong><span class=\"Normal-C1\">Theoretische Ausbildung:<\/span><\/strong><\/p><p class=\"Normal-P\"><span class=\"Normal-C0\">Ohne Vorbesitz einer anderen Klasse: <\/span><\/p><p class=\"Normal-P\"><span class=\"Normal-C0\">12x Grundunterricht + 2x Klassenspezifischer Unterricht (Doppelstunden zu je 90 Min.)<\/span><\/p><p class=\"Normal-P\"><span class=\"Normal-C0\">Mit Vorbesitz einer anderen Klasse:<\/span><\/p><p class=\"Normal-P\"><span class=\"Normal-C0\">6x Grundunterricht + 2x Klassenspezifischer Unterricht (Doppelstunden zu je 90 Min.)<\/span><\/p><p class=\"Normal-P\"><span class=\"Normal-C0\">\u00a0<\/span><\/p><p class=\"Normal-P\"><strong><span class=\"Normal-C1\">Praktische Ausbildung:<\/span><\/strong><\/p><p class=\"Normal-P\"><span class=\"Normal-C0\">Keine praktische Ausbildung vorgeschrieben.<\/span><\/p><\/div>\t\t\t\t\t<\/div>\n\t\t\t\t\t\t<\/div>\n\t\t\t\t<\/div>\n\t\t\t\t\t\t<\/div>\n\t\t\t\t\t<\/div>\n\t\t<\/div>\n\t\t\t\t\t\t\t\t<\/div>\n\t\t\t\t\t<\/div>\n\t\t<\/section>\n\t\t\t\t\t\t<\/div>\n\t\t\t\t\t<\/div>\n\t\t<\/div>\n\t\t\t\t\t\t\t\t<\/div>\n\t\t\t\t\t<\/div>\n\t\t<\/section>\n\t\t\t\t\t\t\t\t\t<\/div>\n\t\t\t<\/div>\n\t\t\t\t\t<\/div>\n\t\t","protected":false},"excerpt":{"rendered":"<p>Weitere Klassen (Mofa, Klasse L) MOFA Einspurige, einsitzige Fahrr\u00e4der mit Hilfsmotor (auch ohne Tretkurbeln), wenn ihre Bauart Gew\u00e4hr daf\u00fcr bietet, dass die H\u00f6chstgeschwindigkeit auf ebener Bahn nicht mehr als 25 km\/h betr\u00e4gt; besondere Sitze f\u00fcr die Mitnahme von Kindern unter sieben Jahren d\u00fcrfen angebracht sein. Mindestalter: 15 Vorbesitz erforderlich: Nein [&hellip;]<\/p>\n","protected":false},"author":1,"featured_media":0,"parent":0,"menu_order":0,"comment_status":"closed","ping_status":"closed","template":"elementor_header_footer","meta":[],"_links":{"self":[{"href":"https:\/\/die-fahrschule-blitz.de\/start\/wp-json\/wp\/v2\/pages\/178"}],"collection":[{"href":"https:\/\/die-fahrschule-blitz.de\/start\/wp-json\/wp\/v2\/pages"}],"about":[{"href":"https:\/\/die-fahrschule-blitz.de\/start\/wp-json\/wp\/v2\/types\/page"}],"author":[{"embeddable":true,"href":"https:\/\/die-fahrschule-blitz.de\/start\/wp-json\/wp\/v2\/users\/1"}],"replies":[{"embeddable":true,"href":"https:\/\/die-fahrschule-blitz.de\/start\/wp-json\/wp\/v2\/comments?post=178"}],"version-history":[{"count":2,"href":"https:\/\/die-fahrschule-blitz.de\/start\/wp-json\/wp\/v2\/pages\/178\/revisions"}],"predecessor-version":[{"id":180,"href":"https:\/\/die-fahrschule-blitz.de\/start\/wp-json\/wp\/v2\/pages\/178\/revisions\/180"}],"wp:attachment":[{"href":"https:\/\/die-fahrschule-blitz.de\/start\/wp-json\/wp\/v2\/media?parent=178"}],"curies":[{"name":"wp","href":"https:\/\/api.w.org\/{rel}","templated":true}]}}